{"id":2143,"date":"2021-03-07T21:23:04","date_gmt":"2021-03-07T18:23:04","guid":{"rendered":"https:\/\/hotel-europe.gr\/unterkunft-hotel-europe\/single-room-side-view\/"},"modified":"2024-09-27T20:02:09","modified_gmt":"2024-09-27T17:02:09","slug":"einzelzimmer","status":"publish","type":"page","link":"https:\/\/hotel-europe.gr\/de\/unterkunft-hotel-europe\/einzelzimmer\/","title":{"rendered":"Einzelzimmer"},"content":{"rendered":"\n\t<section class=\"section dark\" id=\"section_609242812\">\n\t\t<div class=\"section-bg fill\" >\n\t\t\t<img loading=\"lazy\" decoding=\"async\" width=\"1600\" height=\"1068\" src=\"https:\/\/hotel-europe.gr\/wp-content\/uploads\/2021\/03\/SINGLE-ROOM-SIDE-VIEW-DOUBLE-ROOM-FOR-SINGLE-USE-1.jpg\" class=\"bg attachment-original size-original\" alt=\"SINGLE ROOM SIDE VIEW (DOUBLE ROOM FOR SINGLE USE)\" \/>\t\t\t\t\t\t<div class=\"section-bg-overlay absolute fill\"><\/div>\n\t\t\t\n\n\t\t<\/div>\n\n\t\t\n\n\t\t<div class=\"section-content relative\">\n\t\t\t\n<div class=\"row\" style=\"max-width:1300px\" id=\"row-255698573\">\n\n\t<div id=\"col-1366306700\" class=\"col small-12 large-12\"  >\n\t\t\t\t<div class=\"col-inner\"  >\n\t\t\t\n\t\t\t\n<h1 style=\"text-align: center;\"><span style=\"font-size: 250%;\">Einzelzimmer Side View<\/span><\/h1>\n<h1 style=\"text-align: center;\"><span style=\"font-size: 100%;\">(Doppelzimmer f\u00fcr Signle-Nutzung)<\/h1>\n\t<div id=\"gap-397402987\" class=\"gap-element clearfix\" style=\"display:block; height:auto;\">\n\t\t\n<style>\n#gap-397402987 {\n  padding-top: 30px;\n}\n<\/style>\n\t<\/div>\n\t\n\t\t<\/div>\n\t\t\t\t\n<style>\n#col-1366306700 > .col-inner {\n  padding: 0px 0px 0px 50px;\n}\n@media (min-width:850px) {\n  #col-1366306700 > .col-inner {\n    padding: 0 0px 0px 0px;\n  }\n}\n<\/style>\n\t<\/div>\n\n\t\n<\/div>\n\t\t<\/div>\n\n\t\t\n<style>\n#section_609242812 {\n  padding-top: 30px;\n  padding-bottom: 30px;\n  min-height: 400px;\n}\n#section_609242812 .section-bg-overlay {\n  background-color: rgba(0, 0, 0, 0.1);\n}\n@media (min-width:550px) {\n  #section_609242812 {\n    min-height: 600px;\n  }\n}\n@media (min-width:850px) {\n  #section_609242812 {\n    min-height: 71vh;\n  }\n  #section_609242812 .section-bg-overlay {\n    background-color: rgba(0, 0, 0, 0.05);\n  }\n}\n<\/style>\n\t<\/section>\n\t\n\n\t<section class=\"section dark\" id=\"section_340982206\">\n\t\t<div class=\"section-bg fill\" >\n\t\t\t\t\t\t\t\t\t\n\t\t\t\n\n\t\t<\/div>\n\n\t\t\n\n\t\t<div class=\"section-content relative\">\n\t\t\t\n<div class=\"row row-full-width\"  id=\"row-1531956224\">\n\n\t<div id=\"col-142823559\" class=\"col medium-6 small-12 large-6\"  >\n\t\t\t\t<div class=\"col-inner\"  >\n\t\t\t\n\t\t\t\n<h3>Wenn Sie allein reisen und ein komfortables und erschwingliches Zimmer suchen, ist das <strong>Einzelzimmer mit seitlichem Ausblick<\/strong> (auch bekannt als Doppelzimmer zur Einzelnutzung) die perfekte Wahl. Diese Zimmer bieten eine gem\u00fctliche und einladende Atmosph\u00e4re mit allen Annehmlichkeiten, die Sie f\u00fcr einen entspannten Aufenthalt ben\u00f6tigen.<\/h3>\n<h3>Die Zimmer verf\u00fcgen \u00fcber eine Vielzahl von Annehmlichkeiten, die Ihren Komfort und Ihre Bequemlichkeit steigern, darunter ADSL-Internetzugang, Klimaanlage, Badeartikel, ein Bad mit Dusche, Kabel-\/Satellitenfernsehen, Zentralheizung, Direktwahltelefon, Flachbildfernseher, Haartrockner, Highspeed-Internetzugang, individuell regulierbare Klimaanlage, B\u00fcgeleisen und B\u00fcgelbrett (auf Anfrage), einen privaten Balkon, einen K\u00fchlschrank, einen Safe, schallisolierte Fenster, einen Fernseher, eine Veranda, einen Weckdienst, kostenlosen WLAN-Zugang und einen Schreibtisch.<\/h3>\n\t\t<\/div>\n\t\t\t\t\t<\/div>\n\n\t\n\n\t<div id=\"col-1647495672\" class=\"col medium-6 small-12 large-6\"  >\n\t\t\t\t<div class=\"col-inner\"  >\n\t\t\t\n\t\t\t\n<h3>Mit diesen durchdachten Annehmlichkeiten k\u00f6nnen Sie einen komfortablen und produktiven Aufenthalt genie\u00dfen, egal ob Sie gesch\u00e4ftlich oder privat unterwegs sind. Dar\u00fcber hinaus bietet der seitliche Ausblick einen Blick auf die sch\u00f6ne Umgebung, was Ihrem Aufenthalt eine zus\u00e4tzliche Entspannungsnote verleiht.<\/h3>\n<h3>Ob f\u00fcr einen kurzen oder l\u00e4ngeren Aufenthalt, das <strong>Einzelzimmer mit seitlichem Ausblick<\/strong> ist eine ausgezeichnete Wahl f\u00fcr Alleinreisende, die Komfort und Bequemlichkeit suchen.<\/h3>\n\t\t<\/div>\n\t\t\t\t\t<\/div>\n\n\t\n<\/div>\n<div class=\"row align-center\" style=\"max-width:1330px\" id=\"row-1346138349\">\n\n\t<div id=\"col-773176296\" class=\"col medium-11 small-12 large-10\"  >\n\t\t\t\t<div class=\"col-inner\"  >\n\t\t\t\n\t\t\t\n<h3 style=\"text-align: center;\"><strong>Die Zimmer haben: <\/strong><\/h3>\n<h3 style=\"text-align: center;\"><strong>ADSL-Internetverbindung &#8211; Klimaanlage &#8211; Badausstattung &#8211; Badezimmer mit Dusche &#8211; Kabel- \/ Satellitenfernsehen &#8211; Zentralheizung &#8211; Direktwahltelefon &#8211; Flachbildfernseher &#8211; Haartrockner &#8211; Highspeed-Internetzugang &#8211; Individuell gesteuerte Klimaanlage &#8211; Internetzugang &#8211; B\u00fcgeleisen &amp; amp; B\u00fcgelbrett \/ Auf Anfrage &#8211; Nichtraucherzimmer verf\u00fcgbar &#8211; Privater Balkon &#8211; K\u00fchlschrank &#8211; Safe &#8211; Schalldichte Fenster &#8211; Fernseher &#8211; Veranda &#8211; Weckruf &#8211; WLAN-Internetzugang (kostenlos) &#8211; Schreibtisch.<\/strong><\/h3>\n\t<div id=\"gap-737227083\" class=\"gap-element clearfix\" style=\"display:block; height:auto;\">\n\t\t\n<style>\n#gap-737227083 {\n  padding-top: 30px;\n}\n<\/style>\n\t<\/div>\n\t\n\t\t<\/div>\n\t\t\t\t\t<\/div>\n\n\t\n<\/div>\n\t\t<\/div>\n\n\t\t\n<style>\n#section_340982206 {\n  padding-top: 100px;\n  padding-bottom: 100px;\n  background-color: rgba(0, 35, 73, 0.9);\n}\n@media (min-width:550px) {\n  #section_340982206 {\n    padding-top: 150px;\n    padding-bottom: 150px;\n  }\n}\n@media (min-width:850px) {\n  #section_340982206 {\n    padding-top: 93px;\n    padding-bottom: 93px;\n  }\n}\n<\/style>\n\t<\/section>\n\t\n\n\t<section class=\"section\" id=\"section_329106411\">\n\t\t<div class=\"section-bg fill\" >\n\t\t\t\t\t\t\t\t\t\n\t\t\t\n\n\t\t<\/div>\n\n\t\t\n\n\t\t<div class=\"section-content relative\">\n\t\t\t\n<div class=\"row row-full-width\"  id=\"row-1046016310\">\n\n\t<div id=\"col-875297864\" class=\"col small-12 large-12\"  >\n\t\t\t\t<div class=\"col-inner\"  >\n\t\t\t\n\t\t\t\n<div class=\"slider-wrapper relative\" id=\"slider-2140029189\" >\n    <div class=\"slider slider-nav-simple slider-nav-large slider-nav-light slider-style-shadow slider-show-nav\"\n        data-flickity-options='{\n            \"cellAlign\": \"center\",\n            \"imagesLoaded\": true,\n            \"lazyLoad\": 1,\n            \"freeScroll\": false,\n            \"wrapAround\": true,\n            \"autoPlay\": 6000,\n            \"pauseAutoPlayOnHover\" : true,\n            \"prevNextButtons\": true,\n            \"contain\" : true,\n            \"adaptiveHeight\" : true,\n            \"dragThreshold\" : 10,\n            \"percentPosition\": true,\n            \"pageDots\": false,\n            \"rightToLeft\": false,\n            \"draggable\": true,\n            \"selectedAttraction\": 0.1,\n            \"parallax\" : 0,\n            \"friction\": 0.6        }'\n        >\n        \n\n  <div class=\"banner has-hover\" id=\"banner-259561049\">\n          <div class=\"banner-inner fill\">\n        <div class=\"banner-bg fill\" >\n            <img loading=\"lazy\" decoding=\"async\" width=\"1600\" height=\"1068\" src=\"https:\/\/hotel-europe.gr\/wp-content\/uploads\/2021\/03\/SINGLE-ROOM-SIDE-VIEW-DOUBLE-ROOM-FOR-SINGLE-USE-1.jpg\" class=\"bg attachment-original size-original\" alt=\"SINGLE ROOM SIDE VIEW (DOUBLE ROOM FOR SINGLE USE)\" \/>                                    \n                    <\/div>\n\t\t\n        <div class=\"banner-layers container\">\n            <div class=\"fill banner-link\"><\/div>            \n   <div id=\"text-box-1411109594\" class=\"text-box banner-layer x50 md-x50 lg-x50 y50 md-y50 lg-y50 res-text\">\n                                <div class=\"text-box-content text dark\">\n              \n              <div class=\"text-inner text-center\">\n                  \n              <\/div>\n           <\/div>\n                            \n<style>\n#text-box-1411109594 {\n  width: 60%;\n}\n#text-box-1411109594 .text-box-content {\n  font-size: 100%;\n}\n<\/style>\n    <\/div>\n \n        <\/div>\n      <\/div>\n\n            \n<style>\n#banner-259561049 {\n  padding-top: 243px;\n  background-color: rgb(255, 255, 255);\n}\n#banner-259561049 .banner-bg img {\n  object-position: 16% 65%;\n}\n@media (min-width:550px) {\n  #banner-259561049 {\n    padding-top: 725px;\n  }\n}\n<\/style>\n  <\/div>\n\n\n\n  <div class=\"banner has-hover\" id=\"banner-1170676940\">\n          <div class=\"banner-inner fill\">\n        <div class=\"banner-bg fill\" >\n            <img loading=\"lazy\" decoding=\"async\" width=\"1600\" height=\"1068\" src=\"https:\/\/hotel-europe.gr\/wp-content\/uploads\/2021\/03\/SINGLE-ROOM-SIDE-VIEW-DOUBLE-ROOM-FOR-SINGLE-USE-2.jpg\" class=\"bg attachment-original size-original\" alt=\"SINGLE ROOM SIDE VIEW (DOUBLE ROOM FOR SINGLE USE)\" \/>                                    \n                    <\/div>\n\t\t\n        <div class=\"banner-layers container\">\n            <div class=\"fill banner-link\"><\/div>            \n   <div id=\"text-box-379584314\" class=\"text-box banner-layer x50 md-x50 lg-x50 y50 md-y50 lg-y50 res-text\">\n                                <div class=\"text-box-content text dark\">\n              \n              <div class=\"text-inner text-center\">\n                  \n              <\/div>\n           <\/div>\n                            \n<style>\n#text-box-379584314 {\n  width: 60%;\n}\n#text-box-379584314 .text-box-content {\n  font-size: 100%;\n}\n@media (min-width:550px) {\n  #text-box-379584314 {\n    width: 60%;\n  }\n}\n<\/style>\n    <\/div>\n \n        <\/div>\n      <\/div>\n\n            \n<style>\n#banner-1170676940 {\n  padding-top: 243px;\n  background-color: rgb(255, 255, 255);\n}\n@media (min-width:550px) {\n  #banner-1170676940 {\n    padding-top: 725px;\n  }\n}\n<\/style>\n  <\/div>\n\n\n     <\/div>\n\n     <div class=\"loading-spin dark large centered\"><\/div>\n\n\t<\/div>\n\n\n\t\t<\/div>\n\t\t\t\t\n<style>\n#col-875297864 > .col-inner {\n  margin: -180px 0px 0px 0px;\n}\n<\/style>\n\t<\/div>\n\n\t\n<\/div>\n\t\t<\/div>\n\n\t\t\n<style>\n#section_329106411 {\n  padding-top: 30px;\n  padding-bottom: 30px;\n}\n<\/style>\n\t<\/section>\n\t\n\n\t<section class=\"section dark\" id=\"section_1967178270\">\n\t\t<div class=\"section-bg fill\" >\n\t\t\t<img loading=\"lazy\" decoding=\"async\" width=\"1600\" height=\"1067\" src=\"https:\/\/hotel-europe.gr\/wp-content\/uploads\/2020\/07\/HE2020-0012.jpg\" class=\"bg attachment- size-\" alt=\"\" \/>\t\t\t\t\t\t<div class=\"section-bg-overlay absolute fill\"><\/div>\n\t\t\t\n\n\t\t<\/div>\n\n\t\t\n\n\t\t<div class=\"section-content relative\">\n\t\t\t\n\t\t<\/div>\n\n\t\t\n<style>\n#section_1967178270 {\n  padding-top: 30px;\n  padding-bottom: 30px;\n  min-height: 300px;\n}\n#section_1967178270 .section-bg-overlay {\n  background-color: rgba(0, 0, 0, 0.1);\n}\n#section_1967178270 .section-bg img {\n  object-position: 60% 34%;\n}\n@media (min-width:550px) {\n  #section_1967178270 {\n    min-height: 500px;\n  }\n}\n@media (min-width:850px) {\n  #section_1967178270 {\n    min-height: 26vh;\n  }\n}\n<\/style>\n\t<\/section>\n\t\n","protected":false},"excerpt":{"rendered":"Einzelzimmer Side View (Doppelzimmer f\u00fcr Signle-Nutzung) Wenn Sie allein reisen und ein komfortables und erschwingliches Zimmer suchen, ist das Einzelzimmer mit seitlichem Ausblick (auch bekannt als Doppelzimmer zur Einzelnutzung) die perfekte Wahl. Diese Zimmer bieten eine gem\u00fctliche und einladende Atmosph\u00e4re mit allen Annehmlichkeiten, die Sie f\u00fcr einen entspannten Aufenthalt ben\u00f6tigen. Die Zimmer verf\u00fcgen \u00fcber eine [...]","protected":false},"author":1,"featured_media":1995,"parent":295,"menu_order":0,"comment_status":"closed","ping_status":"closed","template":"page-blank.php","meta":{"footnotes":""},"class_list":["post-2143","page","type-page","status-publish","has-post-thumbnail","hentry"],"yoast_head":"<!-- This site is optimized with the Yoast SEO plugin v27.3 - https:\/\/yoast.com\/product\/yoast-seo-wordpress\/ -->\n<title>Einzelzimmer - Hotel Europe Paralia Katerini<\/title>\n<meta name=\"description\" content=\"Ihr Aufenthalt im Hotel EUROPA ist die perfekte Wahl f\u00fcr Entspannung und Verj\u00fcngung neben dem magischen Paralia von Katerini. Das Hotel verf\u00fcgt \u00fcber 36 Zimmer.\" \/>\n<meta name=\"robots\" content=\"index, follow, max-snippet:-1, max-image-preview:large, max-video-preview:-1\" \/>\n<link rel=\"canonical\" href=\"https:\/\/hotel-europe.gr\/de\/unterkunft-hotel-europe\/einzelzimmer\/\" \/>\n<meta property=\"og:locale\" content=\"de_DE\" \/>\n<meta property=\"og:type\" content=\"article\" \/>\n<meta property=\"og:title\" content=\"Einzelzimmer - Hotel Europe Paralia Katerini\" \/>\n<meta property=\"og:description\" content=\"Ihr Aufenthalt im Hotel EUROPA ist die perfekte Wahl f\u00fcr Entspannung und Verj\u00fcngung neben dem magischen Paralia von Katerini. Das Hotel verf\u00fcgt \u00fcber 36 Zimmer.\" \/>\n<meta property=\"og:url\" content=\"https:\/\/hotel-europe.gr\/de\/unterkunft-hotel-europe\/einzelzimmer\/\" \/>\n<meta property=\"og:site_name\" content=\"Hotel Europe\" \/>\n<meta property=\"article:modified_time\" content=\"2024-09-27T17:02:09+00:00\" \/>\n<meta property=\"og:image\" content=\"https:\/\/hotel-europe.gr\/wp-content\/uploads\/2021\/03\/SINGLE-ROOM-SIDE-VIEW-DOUBLE-ROOM-FOR-SINGLE-USE-1.jpg\" \/>\n\t<meta property=\"og:image:width\" content=\"1600\" \/>\n\t<meta property=\"og:image:height\" content=\"1068\" \/>\n\t<meta property=\"og:image:type\" content=\"image\/jpeg\" \/>\n<meta name=\"twitter:card\" content=\"summary_large_image\" \/>\n<meta name=\"twitter:title\" content=\"Einzelzimmer - Hotel Europe Paralia Katerini\" \/>\n<meta name=\"twitter:description\" content=\"Ihr Aufenthalt im Hotel EUROPA ist die perfekte Wahl f\u00fcr Entspannung und Verj\u00fcngung neben dem magischen Paralia von Katerini. Das Hotel verf\u00fcgt \u00fcber 36 Zimmer.\" \/>\n<meta name=\"twitter:image\" content=\"https:\/\/hotel-europe.gr\/wp-content\/uploads\/2021\/03\/SINGLE-ROOM-SIDE-VIEW-DOUBLE-ROOM-FOR-SINGLE-USE-1.jpg\" \/>\n<meta name=\"twitter:label1\" content=\"Gesch\u00e4tzte Lesezeit\" \/>\n\t<meta name=\"twitter:data1\" content=\"2\u00a0Minuten\" \/>\n<script type=\"application\/ld+json\" class=\"yoast-schema-graph\">{\"@context\":\"https:\\\/\\\/schema.org\",\"@graph\":[{\"@type\":\"WebPage\",\"@id\":\"https:\\\/\\\/hotel-europe.gr\\\/de\\\/unterkunft-hotel-europe\\\/einzelzimmer\\\/\",\"url\":\"https:\\\/\\\/hotel-europe.gr\\\/de\\\/unterkunft-hotel-europe\\\/einzelzimmer\\\/\",\"name\":\"Einzelzimmer - Hotel Europe Paralia Katerini\",\"isPartOf\":{\"@id\":\"https:\\\/\\\/hotel-europe.gr\\\/#website\"},\"primaryImageOfPage\":{\"@id\":\"https:\\\/\\\/hotel-europe.gr\\\/de\\\/unterkunft-hotel-europe\\\/einzelzimmer\\\/#primaryimage\"},\"image\":{\"@id\":\"https:\\\/\\\/hotel-europe.gr\\\/de\\\/unterkunft-hotel-europe\\\/einzelzimmer\\\/#primaryimage\"},\"thumbnailUrl\":\"https:\\\/\\\/hotel-europe.gr\\\/wp-content\\\/uploads\\\/2021\\\/03\\\/SINGLE-ROOM-SIDE-VIEW-DOUBLE-ROOM-FOR-SINGLE-USE-1.jpg\",\"datePublished\":\"2021-03-07T18:23:04+00:00\",\"dateModified\":\"2024-09-27T17:02:09+00:00\",\"description\":\"Ihr Aufenthalt im Hotel EUROPA ist die perfekte Wahl f\u00fcr Entspannung und Verj\u00fcngung neben dem magischen Paralia von Katerini. Das Hotel verf\u00fcgt \u00fcber 36 Zimmer.\",\"breadcrumb\":{\"@id\":\"https:\\\/\\\/hotel-europe.gr\\\/de\\\/unterkunft-hotel-europe\\\/einzelzimmer\\\/#breadcrumb\"},\"inLanguage\":\"de\",\"potentialAction\":[{\"@type\":\"ReadAction\",\"target\":[\"https:\\\/\\\/hotel-europe.gr\\\/de\\\/unterkunft-hotel-europe\\\/einzelzimmer\\\/\"]}]},{\"@type\":\"ImageObject\",\"inLanguage\":\"de\",\"@id\":\"https:\\\/\\\/hotel-europe.gr\\\/de\\\/unterkunft-hotel-europe\\\/einzelzimmer\\\/#primaryimage\",\"url\":\"https:\\\/\\\/hotel-europe.gr\\\/wp-content\\\/uploads\\\/2021\\\/03\\\/SINGLE-ROOM-SIDE-VIEW-DOUBLE-ROOM-FOR-SINGLE-USE-1.jpg\",\"contentUrl\":\"https:\\\/\\\/hotel-europe.gr\\\/wp-content\\\/uploads\\\/2021\\\/03\\\/SINGLE-ROOM-SIDE-VIEW-DOUBLE-ROOM-FOR-SINGLE-USE-1.jpg\",\"width\":1600,\"height\":1068,\"caption\":\"SINGLE ROOM SIDE VIEW (DOUBLE ROOM FOR SINGLE USE)\"},{\"@type\":\"BreadcrumbList\",\"@id\":\"https:\\\/\\\/hotel-europe.gr\\\/de\\\/unterkunft-hotel-europe\\\/einzelzimmer\\\/#breadcrumb\",\"itemListElement\":[{\"@type\":\"ListItem\",\"position\":1,\"name\":\"Home\",\"item\":\"https:\\\/\\\/hotel-europe.gr\\\/de\\\/\"},{\"@type\":\"ListItem\",\"position\":2,\"name\":\"Unterkunft Hotel EUROPE\",\"item\":\"https:\\\/\\\/hotel-europe.gr\\\/de\\\/unterkunft-hotel-europe\\\/\"},{\"@type\":\"ListItem\",\"position\":3,\"name\":\"Einzelzimmer\"}]},{\"@type\":\"WebSite\",\"@id\":\"https:\\\/\\\/hotel-europe.gr\\\/#website\",\"url\":\"https:\\\/\\\/hotel-europe.gr\\\/\",\"name\":\"Hotel Europe\",\"description\":\"Paralia Katerini\",\"potentialAction\":[{\"@type\":\"SearchAction\",\"target\":{\"@type\":\"EntryPoint\",\"urlTemplate\":\"https:\\\/\\\/hotel-europe.gr\\\/?s={search_term_string}\"},\"query-input\":{\"@type\":\"PropertyValueSpecification\",\"valueRequired\":true,\"valueName\":\"search_term_string\"}}],\"inLanguage\":\"de\"}]}<\/script>\n<!-- \/ Yoast SEO plugin. -->","yoast_head_json":{"title":"Einzelzimmer - Hotel Europe Paralia Katerini","description":"Ihr Aufenthalt im Hotel EUROPA ist die perfekte Wahl f\u00fcr Entspannung und Verj\u00fcngung neben dem magischen Paralia von Katerini. Das Hotel verf\u00fcgt \u00fcber 36 Zimmer.","robots":{"index":"index","follow":"follow","max-snippet":"max-snippet:-1","max-image-preview":"max-image-preview:large","max-video-preview":"max-video-preview:-1"},"canonical":"https:\/\/hotel-europe.gr\/de\/unterkunft-hotel-europe\/einzelzimmer\/","og_locale":"de_DE","og_type":"article","og_title":"Einzelzimmer - Hotel Europe Paralia Katerini","og_description":"Ihr Aufenthalt im Hotel EUROPA ist die perfekte Wahl f\u00fcr Entspannung und Verj\u00fcngung neben dem magischen Paralia von Katerini. Das Hotel verf\u00fcgt \u00fcber 36 Zimmer.","og_url":"https:\/\/hotel-europe.gr\/de\/unterkunft-hotel-europe\/einzelzimmer\/","og_site_name":"Hotel Europe","article_modified_time":"2024-09-27T17:02:09+00:00","og_image":[{"width":1600,"height":1068,"url":"https:\/\/hotel-europe.gr\/wp-content\/uploads\/2021\/03\/SINGLE-ROOM-SIDE-VIEW-DOUBLE-ROOM-FOR-SINGLE-USE-1.jpg","type":"image\/jpeg"}],"twitter_card":"summary_large_image","twitter_title":"Einzelzimmer - Hotel Europe Paralia Katerini","twitter_description":"Ihr Aufenthalt im Hotel EUROPA ist die perfekte Wahl f\u00fcr Entspannung und Verj\u00fcngung neben dem magischen Paralia von Katerini. Das Hotel verf\u00fcgt \u00fcber 36 Zimmer.","twitter_image":"https:\/\/hotel-europe.gr\/wp-content\/uploads\/2021\/03\/SINGLE-ROOM-SIDE-VIEW-DOUBLE-ROOM-FOR-SINGLE-USE-1.jpg","twitter_misc":{"Gesch\u00e4tzte Lesezeit":"2\u00a0Minuten"},"schema":{"@context":"https:\/\/schema.org","@graph":[{"@type":"WebPage","@id":"https:\/\/hotel-europe.gr\/de\/unterkunft-hotel-europe\/einzelzimmer\/","url":"https:\/\/hotel-europe.gr\/de\/unterkunft-hotel-europe\/einzelzimmer\/","name":"Einzelzimmer - Hotel Europe Paralia Katerini","isPartOf":{"@id":"https:\/\/hotel-europe.gr\/#website"},"primaryImageOfPage":{"@id":"https:\/\/hotel-europe.gr\/de\/unterkunft-hotel-europe\/einzelzimmer\/#primaryimage"},"image":{"@id":"https:\/\/hotel-europe.gr\/de\/unterkunft-hotel-europe\/einzelzimmer\/#primaryimage"},"thumbnailUrl":"https:\/\/hotel-europe.gr\/wp-content\/uploads\/2021\/03\/SINGLE-ROOM-SIDE-VIEW-DOUBLE-ROOM-FOR-SINGLE-USE-1.jpg","datePublished":"2021-03-07T18:23:04+00:00","dateModified":"2024-09-27T17:02:09+00:00","description":"Ihr Aufenthalt im Hotel EUROPA ist die perfekte Wahl f\u00fcr Entspannung und Verj\u00fcngung neben dem magischen Paralia von Katerini. Das Hotel verf\u00fcgt \u00fcber 36 Zimmer.","breadcrumb":{"@id":"https:\/\/hotel-europe.gr\/de\/unterkunft-hotel-europe\/einzelzimmer\/#breadcrumb"},"inLanguage":"de","potentialAction":[{"@type":"ReadAction","target":["https:\/\/hotel-europe.gr\/de\/unterkunft-hotel-europe\/einzelzimmer\/"]}]},{"@type":"ImageObject","inLanguage":"de","@id":"https:\/\/hotel-europe.gr\/de\/unterkunft-hotel-europe\/einzelzimmer\/#primaryimage","url":"https:\/\/hotel-europe.gr\/wp-content\/uploads\/2021\/03\/SINGLE-ROOM-SIDE-VIEW-DOUBLE-ROOM-FOR-SINGLE-USE-1.jpg","contentUrl":"https:\/\/hotel-europe.gr\/wp-content\/uploads\/2021\/03\/SINGLE-ROOM-SIDE-VIEW-DOUBLE-ROOM-FOR-SINGLE-USE-1.jpg","width":1600,"height":1068,"caption":"SINGLE ROOM SIDE VIEW (DOUBLE ROOM FOR SINGLE USE)"},{"@type":"BreadcrumbList","@id":"https:\/\/hotel-europe.gr\/de\/unterkunft-hotel-europe\/einzelzimmer\/#breadcrumb","itemListElement":[{"@type":"ListItem","position":1,"name":"Home","item":"https:\/\/hotel-europe.gr\/de\/"},{"@type":"ListItem","position":2,"name":"Unterkunft Hotel EUROPE","item":"https:\/\/hotel-europe.gr\/de\/unterkunft-hotel-europe\/"},{"@type":"ListItem","position":3,"name":"Einzelzimmer"}]},{"@type":"WebSite","@id":"https:\/\/hotel-europe.gr\/#website","url":"https:\/\/hotel-europe.gr\/","name":"Hotel Europe","description":"Paralia Katerini","potentialAction":[{"@type":"SearchAction","target":{"@type":"EntryPoint","urlTemplate":"https:\/\/hotel-europe.gr\/?s={search_term_string}"},"query-input":{"@type":"PropertyValueSpecification","valueRequired":true,"valueName":"search_term_string"}}],"inLanguage":"de"}]}},"_links":{"self":[{"href":"https:\/\/hotel-europe.gr\/de\/wp-json\/wp\/v2\/pages\/2143","targetHints":{"allow":["GET"]}}],"collection":[{"href":"https:\/\/hotel-europe.gr\/de\/wp-json\/wp\/v2\/pages"}],"about":[{"href":"https:\/\/hotel-europe.gr\/de\/wp-json\/wp\/v2\/types\/page"}],"author":[{"embeddable":true,"href":"https:\/\/hotel-europe.gr\/de\/wp-json\/wp\/v2\/users\/1"}],"replies":[{"embeddable":true,"href":"https:\/\/hotel-europe.gr\/de\/wp-json\/wp\/v2\/comments?post=2143"}],"version-history":[{"count":2,"href":"https:\/\/hotel-europe.gr\/de\/wp-json\/wp\/v2\/pages\/2143\/revisions"}],"predecessor-version":[{"id":2557,"href":"https:\/\/hotel-europe.gr\/de\/wp-json\/wp\/v2\/pages\/2143\/revisions\/2557"}],"up":[{"embeddable":true,"href":"https:\/\/hotel-europe.gr\/de\/wp-json\/wp\/v2\/pages\/295"}],"wp:featuredmedia":[{"embeddable":true,"href":"https:\/\/hotel-europe.gr\/de\/wp-json\/wp\/v2\/media\/1995"}],"wp:attachment":[{"href":"https:\/\/hotel-europe.gr\/de\/wp-json\/wp\/v2\/media?parent=2143"}],"curies":[{"name":"wp","href":"https:\/\/api.w.org\/{rel}","templated":true}]}}