{"id":2593,"date":"2024-09-28T08:57:02","date_gmt":"2024-09-28T05:57:02","guid":{"rendered":"https:\/\/hotel-europe.gr\/?page_id=2593"},"modified":"2024-09-28T08:57:40","modified_gmt":"2024-09-28T05:57:40","slug":"hotel-informationsfuehrer","status":"publish","type":"page","link":"https:\/\/hotel-europe.gr\/de\/hotel-informationsfuehrer\/","title":{"rendered":"Hotel-Informationsf\u00fchrer"},"content":{"rendered":"\n  <div class=\"banner has-hover has-parallax\" id=\"banner-2022456883\">\n          <div class=\"banner-inner fill\">\n        <div class=\"banner-bg fill\" data-parallax=\"-6\" data-parallax-container=\".banner\" data-parallax-background>\n            <img loading=\"lazy\" decoding=\"async\" width=\"1020\" height=\"680\" src=\"https:\/\/hotel-europe.gr\/wp-content\/uploads\/2020\/07\/HE2020-0013-1024x683.jpg\" class=\"bg attachment-large size-large\" alt=\"\" \/>                        <div class=\"overlay\"><\/div>            \n                    <\/div>\n\t\t\n        <div class=\"banner-layers container\">\n            <div class=\"fill banner-link\"><\/div>            \n   <div id=\"text-box-1005232818\" class=\"text-box banner-layer x50 md-x50 lg-x50 y50 md-y50 lg-y50 res-text\">\n                                <div class=\"text-box-content text dark\">\n              \n              <div class=\"text-inner text-center\">\n                  \n\t<div id=\"text-2583323397\" class=\"text\">\n\t\t\n<p class=\"lead\" style=\"text-align: center;\">Lieber Gast, wir freuen uns, Sie in unserem Hotel willkommen zu hei\u00dfen.<br \/>Dieser F\u00fchrer bietet Ihnen einen umfassenden \u00dcberblick \u00fcber alle Einrichtungen und Dienstleistungen, die wir anbieten.<br \/>Wenn Sie weitere Fragen haben, wenden Sie sich bitte an die Rezeption.<\/p>\n\t\t\n<style>\n#text-2583323397 {\n  text-align: center;\n}\n<\/style>\n\t<\/div>\n\t\n              <\/div>\n           <\/div>\n                            \n<style>\n#text-box-1005232818 {\n  width: 56%;\n}\n#text-box-1005232818 .text-box-content {\n  font-size: 100%;\n}\n@media (min-width:550px) {\n  #text-box-1005232818 {\n    width: 97%;\n  }\n}\n<\/style>\n    <\/div>\n \n        <\/div>\n      <\/div>\n\n            \n<style>\n#banner-2022456883 {\n  padding-top: 30%;\n  background-color: rgb(0,0,0);\n}\n#banner-2022456883 .overlay {\n  background-color: rgba(0,0,0,.5);\n}\n<\/style>\n  <\/div>\n\n\n<div class=\"row row-full-width\"  id=\"row-191887463\">\n\n\t<div id=\"col-1296523236\" class=\"col medium-1 small-12 large-1\"  >\n\t\t\t\t<div class=\"col-inner\"  >\n\t\t\t\n\t\t\t\n\t\t<\/div>\n\t\t\t\t\t<\/div>\n\n\t\n\n\t<div id=\"col-1187202417\" class=\"col medium-10 small-12 large-10\"  >\n\t\t\t\t<div class=\"col-inner\"  >\n\t\t\t\n\t\t\t\n<h4><strong>Rezeption<\/strong><br \/>Unsere Rezeption ist 24 Stunden am Tag ge\u00f6ffnet und bietet interne oder externe Telefonzug\u00e4nge sowie einen Weckdienst, der rund um die Uhr zur Verf\u00fcgung steht.<\/h4>\n<h4><strong>Gep\u00e4cktransportservice<\/strong><br \/><strong>Babybett verf\u00fcgbar<\/strong><br \/><strong>12-Stunden-Zimmerservice<\/strong><\/h4>\n<h4><strong>Klimaanlage<\/strong><br \/>Alle Zimmer sind f\u00fcr Ihren Komfort mit einer Klimaanlage ausgestattet. Zur Energieeinsparung funktioniert diese nur, wenn alle Fenster geschlossen sind. Wenn Sie Hilfe ben\u00f6tigen oder Fragen haben, wenden Sie sich bitte an die Rezeption.<\/h4>\n<h4><strong>Transfer zum und vom Flughafen Makedonia in Thessaloniki<\/strong><br \/>Bitte wenden Sie sich an die Rezeption f\u00fcr weitere Informationen.<\/h4>\n<h4><strong>Auto- oder Fahrradverleih<\/strong><br \/>Bitte kontaktieren Sie die Rezeption f\u00fcr weitere Informationen.<\/h4>\n<h4><strong>Check-out<\/strong><br \/>Die Check-out-Zeit ist um 11:00 Uhr. Die Rezeption hilft Ihnen gerne, Ihr Gep\u00e4ck zu lagern, wenn Sie noch etwas mehr Zeit in unserem Dorf verbringen m\u00f6chten. Wenn Sie Ihren Aufenthalt verl\u00e4ngern m\u00f6chten, wenden Sie sich bitte an die Rezeption.<\/h4>\n<h4><strong>Kreditkarten<\/strong><br \/>Wir akzeptieren folgende Kreditkarten: Mastercard und Visa.<\/h4>\n<h4><strong>Fr\u00fchst\u00fcck<\/strong><br \/>Fr\u00fchst\u00fcckszeiten: 7:00 bis 10:15 Uhr.<br \/>Fr\u00fches Fr\u00fchst\u00fcck ist verf\u00fcgbar.<br \/>Fr\u00fchst\u00fcck im Zimmer ist gegen Aufpreis verf\u00fcgbar.<br \/>Fr\u00fchst\u00fcck oder Essen zum Mitnehmen kann nach Absprache mit der Rezeption bereitgestellt werden.<\/h4>\n<h4><strong>Verpflegung<\/strong><br \/>Unser Hotel bietet ein Restaurant mit \u00e0 la carte Optionen f\u00fcr Mittag- und Abendessen.<\/h4>\n<h4><strong>Zimmerreinigung<\/strong><br \/>Unser Reinigungsteam steht Ihnen jederzeit zur Verf\u00fcgung.<br \/>Wenn Sie zus\u00e4tzliche Handt\u00fccher oder Kissen ben\u00f6tigen (es stehen zwei Arten zur Verf\u00fcgung), informieren Sie uns bitte.<br \/>F\u00fcr zus\u00e4tzliche Reinigungsdienste wenden Sie sich bitte an die Rezeption. Die Reinigung der Gemeinschaftsbereiche und Zimmer erfolgt t\u00e4glich von 9:00 bis 15:00 Uhr.<br \/>Bettw\u00e4sche wird alle zwei Tage gewechselt, Handt\u00fccher t\u00e4glich.<br \/>T\u00e4gliche Zimmerreinigung, t\u00e4glicher Handtuchwechsel und Bettw\u00e4schewechsel alle zwei Tage.<br \/>Handtuchwechsel auf Anfrage.<br \/>Hypoallergene Kissen und orthop\u00e4dische Matratzen.<br \/>Kissenauswahl verf\u00fcgbar.<br \/>B\u00fcgeleisen und B\u00fcgelbrett sind auf Anfrage an der Rezeption erh\u00e4ltlich.<\/h4>\n<h4><strong>Internet<\/strong><br \/>WLAN ist in allen \u00f6ffentlichen Bereichen und Zimmern des Hotels verf\u00fcgbar. Sollten Sie Probleme mit Ihrer Verbindung haben, wenden Sie sich bitte an die Rezeption. Kostenloser WLAN-Zugang ist in allen Bereichen verf\u00fcgbar.<\/h4>\n<h4><strong>W\u00e4scheservice<\/strong><br \/>Wir bieten Ihnen einen W\u00e4scheservice gegen Aufpreis an. F\u00fcr weitere Informationen wenden Sie sich bitte an die Rezeption.<br \/>W\u00e4scheservice f\u00fcr G\u00e4ste gegen Aufpreis verf\u00fcgbar.<\/h4>\n<h4><strong>Businesscenter<\/strong><br \/>Wenn Sie ein Fax senden oder eine Kopie machen m\u00f6chten, wenden Sie sich bitte an die Rezeption. F\u00fcr unsere G\u00e4ste bieten wir Druck-, Fax-, Kopier- und Scanm\u00f6glichkeiten an.<\/h4>\n<h4><strong>Babybett verf\u00fcgbar (kostenlos)<\/strong><\/h4>\n<h4><strong>Haustiere<\/strong><br \/>Unser Hotel akzeptiert keine Haustiere.<\/h4>\n<h4>Wir w\u00fcnschen Ihnen einen angenehmen Aufenthalt.<br \/>Das Hotelmanagement und das Personal<\/h4>\n\t\t<\/div>\n\t\t\t\t\t<\/div>\n\n\t\n\n\t<div id=\"col-1631235710\" class=\"col medium-1 small-12 large-1\"  >\n\t\t\t\t<div class=\"col-inner\"  >\n\t\t\t\n\t\t\t\n\t\t<\/div>\n\t\t\t\t\t<\/div>\n\n\t\n<\/div>\n","protected":false},"excerpt":{"rendered":"Lieber Gast, wir freuen uns, Sie in unserem Hotel willkommen zu hei\u00dfen.Dieser F\u00fchrer bietet Ihnen einen umfassenden \u00dcberblick \u00fcber alle Einrichtungen und Dienstleistungen, die wir anbieten.Wenn Sie weitere Fragen haben, wenden Sie sich bitte an die Rezeption. RezeptionUnsere Rezeption ist 24 Stunden am Tag ge\u00f6ffnet und bietet interne oder externe Telefonzug\u00e4nge sowie einen Weckdienst, der [...]","protected":false},"author":1,"featured_media":0,"parent":0,"menu_order":0,"comment_status":"closed","ping_status":"closed","template":"page-blank.php","meta":{"footnotes":""},"class_list":["post-2593","page","type-page","status-publish","hentry"],"yoast_head":"<!-- This site is optimized with the Yoast SEO plugin v27.3 - https:\/\/yoast.com\/product\/yoast-seo-wordpress\/ -->\n<title>Hotel-Informationsf\u00fchrer<\/title>\n<meta name=\"description\" content=\"Hotel-Informationsf\u00fchrer\" \/>\n<meta name=\"robots\" content=\"index, follow, max-snippet:-1, max-image-preview:large, max-video-preview:-1\" \/>\n<link rel=\"canonical\" href=\"https:\/\/hotel-europe.gr\/de\/hotel-informationsfuehrer\/\" \/>\n<meta property=\"og:locale\" content=\"de_DE\" \/>\n<meta property=\"og:type\" content=\"article\" \/>\n<meta property=\"og:title\" content=\"Hotel-Informationsf\u00fchrer\" \/>\n<meta property=\"og:description\" content=\"Hotel-Informationsf\u00fchrer\" \/>\n<meta property=\"og:url\" content=\"https:\/\/hotel-europe.gr\/de\/hotel-informationsfuehrer\/\" \/>\n<meta property=\"og:site_name\" content=\"Hotel Europe\" \/>\n<meta property=\"article:modified_time\" content=\"2024-09-28T05:57:40+00:00\" \/>\n<meta name=\"twitter:card\" content=\"summary_large_image\" \/>\n<meta name=\"twitter:label1\" content=\"Gesch\u00e4tzte Lesezeit\" \/>\n\t<meta name=\"twitter:data1\" content=\"3\u00a0Minuten\" \/>\n<script type=\"application\/ld+json\" class=\"yoast-schema-graph\">{\"@context\":\"https:\\\/\\\/schema.org\",\"@graph\":[{\"@type\":\"WebPage\",\"@id\":\"https:\\\/\\\/hotel-europe.gr\\\/de\\\/hotel-informationsfuehrer\\\/\",\"url\":\"https:\\\/\\\/hotel-europe.gr\\\/de\\\/hotel-informationsfuehrer\\\/\",\"name\":\"Hotel-Informationsf\u00fchrer\",\"isPartOf\":{\"@id\":\"https:\\\/\\\/hotel-europe.gr\\\/#website\"},\"datePublished\":\"2024-09-28T05:57:02+00:00\",\"dateModified\":\"2024-09-28T05:57:40+00:00\",\"description\":\"Hotel-Informationsf\u00fchrer\",\"breadcrumb\":{\"@id\":\"https:\\\/\\\/hotel-europe.gr\\\/de\\\/hotel-informationsfuehrer\\\/#breadcrumb\"},\"inLanguage\":\"de\",\"potentialAction\":[{\"@type\":\"ReadAction\",\"target\":[\"https:\\\/\\\/hotel-europe.gr\\\/de\\\/hotel-informationsfuehrer\\\/\"]}]},{\"@type\":\"BreadcrumbList\",\"@id\":\"https:\\\/\\\/hotel-europe.gr\\\/de\\\/hotel-informationsfuehrer\\\/#breadcrumb\",\"itemListElement\":[{\"@type\":\"ListItem\",\"position\":1,\"name\":\"Home\",\"item\":\"https:\\\/\\\/hotel-europe.gr\\\/de\\\/\"},{\"@type\":\"ListItem\",\"position\":2,\"name\":\"Hotel-Informationsf\u00fchrer\"}]},{\"@type\":\"WebSite\",\"@id\":\"https:\\\/\\\/hotel-europe.gr\\\/#website\",\"url\":\"https:\\\/\\\/hotel-europe.gr\\\/\",\"name\":\"Hotel Europe\",\"description\":\"Paralia Katerini\",\"potentialAction\":[{\"@type\":\"SearchAction\",\"target\":{\"@type\":\"EntryPoint\",\"urlTemplate\":\"https:\\\/\\\/hotel-europe.gr\\\/?s={search_term_string}\"},\"query-input\":{\"@type\":\"PropertyValueSpecification\",\"valueRequired\":true,\"valueName\":\"search_term_string\"}}],\"inLanguage\":\"de\"}]}<\/script>\n<!-- \/ Yoast SEO plugin. -->","yoast_head_json":{"title":"Hotel-Informationsf\u00fchrer","description":"Hotel-Informationsf\u00fchrer","robots":{"index":"index","follow":"follow","max-snippet":"max-snippet:-1","max-image-preview":"max-image-preview:large","max-video-preview":"max-video-preview:-1"},"canonical":"https:\/\/hotel-europe.gr\/de\/hotel-informationsfuehrer\/","og_locale":"de_DE","og_type":"article","og_title":"Hotel-Informationsf\u00fchrer","og_description":"Hotel-Informationsf\u00fchrer","og_url":"https:\/\/hotel-europe.gr\/de\/hotel-informationsfuehrer\/","og_site_name":"Hotel Europe","article_modified_time":"2024-09-28T05:57:40+00:00","twitter_card":"summary_large_image","twitter_misc":{"Gesch\u00e4tzte Lesezeit":"3\u00a0Minuten"},"schema":{"@context":"https:\/\/schema.org","@graph":[{"@type":"WebPage","@id":"https:\/\/hotel-europe.gr\/de\/hotel-informationsfuehrer\/","url":"https:\/\/hotel-europe.gr\/de\/hotel-informationsfuehrer\/","name":"Hotel-Informationsf\u00fchrer","isPartOf":{"@id":"https:\/\/hotel-europe.gr\/#website"},"datePublished":"2024-09-28T05:57:02+00:00","dateModified":"2024-09-28T05:57:40+00:00","description":"Hotel-Informationsf\u00fchrer","breadcrumb":{"@id":"https:\/\/hotel-europe.gr\/de\/hotel-informationsfuehrer\/#breadcrumb"},"inLanguage":"de","potentialAction":[{"@type":"ReadAction","target":["https:\/\/hotel-europe.gr\/de\/hotel-informationsfuehrer\/"]}]},{"@type":"BreadcrumbList","@id":"https:\/\/hotel-europe.gr\/de\/hotel-informationsfuehrer\/#breadcrumb","itemListElement":[{"@type":"ListItem","position":1,"name":"Home","item":"https:\/\/hotel-europe.gr\/de\/"},{"@type":"ListItem","position":2,"name":"Hotel-Informationsf\u00fchrer"}]},{"@type":"WebSite","@id":"https:\/\/hotel-europe.gr\/#website","url":"https:\/\/hotel-europe.gr\/","name":"Hotel Europe","description":"Paralia Katerini","potentialAction":[{"@type":"SearchAction","target":{"@type":"EntryPoint","urlTemplate":"https:\/\/hotel-europe.gr\/?s={search_term_string}"},"query-input":{"@type":"PropertyValueSpecification","valueRequired":true,"valueName":"search_term_string"}}],"inLanguage":"de"}]}},"_links":{"self":[{"href":"https:\/\/hotel-europe.gr\/de\/wp-json\/wp\/v2\/pages\/2593","targetHints":{"allow":["GET"]}}],"collection":[{"href":"https:\/\/hotel-europe.gr\/de\/wp-json\/wp\/v2\/pages"}],"about":[{"href":"https:\/\/hotel-europe.gr\/de\/wp-json\/wp\/v2\/types\/page"}],"author":[{"embeddable":true,"href":"https:\/\/hotel-europe.gr\/de\/wp-json\/wp\/v2\/users\/1"}],"replies":[{"embeddable":true,"href":"https:\/\/hotel-europe.gr\/de\/wp-json\/wp\/v2\/comments?post=2593"}],"version-history":[{"count":2,"href":"https:\/\/hotel-europe.gr\/de\/wp-json\/wp\/v2\/pages\/2593\/revisions"}],"predecessor-version":[{"id":2595,"href":"https:\/\/hotel-europe.gr\/de\/wp-json\/wp\/v2\/pages\/2593\/revisions\/2595"}],"wp:attachment":[{"href":"https:\/\/hotel-europe.gr\/de\/wp-json\/wp\/v2\/media?parent=2593"}],"curies":[{"name":"wp","href":"https:\/\/api.w.org\/{rel}","templated":true}]}}